{"id":19,"date":"2025-09-08T12:26:34","date_gmt":"2025-09-08T10:26:34","guid":{"rendered":"https:\/\/pekka.net\/netzmechaniker\/?page_id=19"},"modified":"2025-11-06T12:12:03","modified_gmt":"2025-11-06T11:12:03","slug":"ueber-mich","status":"publish","type":"page","link":"https:\/\/pekka.net\/netzmechaniker\/ueber-mich\/","title":{"rendered":"\u00dcber mich"},"content":{"rendered":"\n<div class=\"wp-block-uagb-container uagb-block-1af969b4 alignfull uagb-is-root-container\"><div class=\"uagb-container-inner-blocks-wrap\"><div class=\"wp-block-image\">\n<figure class=\"aligncenter size-full is-resized\"><img loading=\"lazy\" decoding=\"async\" width=\"651\" height=\"689\" src=\"https:\/\/pekka.net\/netzmechaniker\/wp-content\/uploads\/2025\/09\/pekka-portrait.orig_.jpg\" alt=\"Portraitaufnahme von Pekka Gaiser vor einem kanarischen, leicht bew\u00f6lkten Winterhimmel.\" class=\"wp-image-76\" style=\"width:360px\" srcset=\"https:\/\/pekka.net\/netzmechaniker\/wp-content\/uploads\/sites\/3\/2025\/09\/pekka-portrait.orig_.jpg 651w, https:\/\/pekka.net\/netzmechaniker\/wp-content\/uploads\/sites\/3\/2025\/09\/pekka-portrait.orig_-283x300.jpg 283w\" sizes=\"auto, (max-width: 651px) 100vw, 651px\" \/><\/figure>\n<\/div>\n\n\n<h2 class=\"wp-block-heading has-text-align-center is-style-hero\">Ihr Dienstleister:<br>Pekka Gaiser<\/h2>\n\n\n\n<div style=\"height:1em\" aria-hidden=\"true\" class=\"wp-block-spacer\"><\/div>\n\n\n\t<div id=\"social-block_67a8c2c9418ade2f1cab8039b38d9012\" class=\"wp-block-webhelfer-social social-block\">\n\n\t\t\t\t\t<div class=\"social-links\">\n\t\t\t\t\t\t\t\t\t\t\t\t\t\t\t<a href=\"https:\/\/www.linkedin.com\/in\/pekkagaiser\/\" class=\"button-social\" target=\"_blank\" rel=\"noopener noreferrer\">\n\t\t\t\t\t\t\t\t\t\t\t\t\t\t\t<img decoding=\"async\" src=\"https:\/\/pekka.net\/netzmechaniker\/wp-content\/uploads\/sites\/3\/2025\/09\/linkedin.png\" alt=\"LinkedIn\" class=\"social-icon\">\n\t\t\t\t\t\t\t\t\t\t\t\t\t\t<span class=\"social-label\">LinkedIn<\/span>\n\t\t\t\t\t\t<\/a>\n\t\t\t\t\t\t\t\t\t\t\t\t\t\t\t\t\t\t\t\t<a href=\"https:\/\/x.com\/Pekka_net\" class=\"button-social\" target=\"_blank\" rel=\"noopener noreferrer\">\n\t\t\t\t\t\t\t\t\t\t\t\t\t\t\t<img decoding=\"async\" src=\"https:\/\/pekka.net\/netzmechaniker\/wp-content\/uploads\/sites\/3\/2025\/09\/x.png\" alt=\"Twitter\" class=\"social-icon\">\n\t\t\t\t\t\t\t\t\t\t\t\t\t\t<span class=\"social-label\">Twitter<\/span>\n\t\t\t\t\t\t<\/a>\n\t\t\t\t\t\t\t\t\t\t\t\t\t\t\t\t\t\t\t\t<a href=\"https:\/\/github.com\/pekka\" class=\"button-social\" target=\"_blank\" rel=\"noopener noreferrer\">\n\t\t\t\t\t\t\t\t\t\t\t\t\t\t\t<img decoding=\"async\" src=\"https:\/\/pekka.net\/netzmechaniker\/wp-content\/uploads\/sites\/3\/2025\/09\/github.png\" alt=\"Github\" class=\"social-icon\">\n\t\t\t\t\t\t\t\t\t\t\t\t\t\t<span class=\"social-label\">Github<\/span>\n\t\t\t\t\t\t<\/a>\n\t\t\t\t\t\t\t\t\t\t\t\t\t\t\t\t\t\t\t\t<a href=\"https:\/\/stackoverflow.com\/users\/187606\/pekka\" class=\"button-social\" target=\"_blank\" rel=\"noopener noreferrer\">\n\t\t\t\t\t\t\t\t\t\t\t\t\t\t\t<img decoding=\"async\" src=\"https:\/\/pekka.net\/netzmechaniker\/wp-content\/uploads\/sites\/3\/2025\/09\/stack-overflow-1-1.png\" alt=\"Stack Overflow\" class=\"social-icon\">\n\t\t\t\t\t\t\t\t\t\t\t\t\t\t<span class=\"social-label\">Stack Overflow<\/span>\n\t\t\t\t\t\t<\/a>\n\t\t\t\t\t\t\t\t\t\t\t\t<\/div>\n\t\t\n\t<\/div>\n\t\n\n\n<p class=\"has-text-align-center\">Ich arbeite seit 2001 als Web-Entwickler und -Administrator.<\/p>\n\n\n\n<p class=\"has-text-align-center\">Angestellt war ich bei der IT-Consultingfirma <a href=\"https:\/\/kaiuk.co.uk\/\" target=\"_blank\" rel=\"noreferrer noopener\">KAI<\/a> in London; als &#8222;fester freier&#8220; arbeitete ich viele Jahre f\u00fcr diverse Werbeagenturen und Medienh\u00e4user im s\u00fcddeutschen Raum und bei <a href=\"https:\/\/www.netcologne.de\" target=\"_blank\" rel=\"noreferrer noopener\">NetCologne<\/a> als Programmierer am K\u00f6lner Stadtportal <a href=\"https:\/\/www.koeln.de\" target=\"_blank\" rel=\"noreferrer noopener\">koeln.de<\/a>. Die umfangreiche digitale und Marketing-Pr\u00e4senz eines Bio-Lebensmittelherstellers betreute ich mehr als zwei Jahrzehnte.<\/p>\n\n\n\n<p class=\"has-text-align-center\">Als selbst\u00e4ndiger Dienstleister entwickelte und betreute ich mehrere umfangreiche Web-Plattformen auf Basis von PHP, WordPress und Laravel, unter anderem die einer deutschlandweit agierenden Fahrzeug-Vermietkette.<\/p>\n\n\n\n<p class=\"has-text-align-center\">Ich bin seit \u00fcber 20 Jahren in Hilfe-Foren f\u00fcr Programmierer aktiv und gebe Rat, zuletzt bei der weltgr\u00f6\u00dften IT-Support-Seite <a href=\"https:\/\/stackoverflow.com\/users\/187606\/pekka\" target=\"_blank\" rel=\"noreferrer noopener\">Stack Overflow<\/a>, wo ich viele Jahre zu den weltweiten Top-10-Benutzern geh\u00f6rte und auch bei der<a href=\"https:\/\/meta.stackoverflow.com\/users\/187606\/pekka?tab=questions\" target=\"_blank\" rel=\"noreferrer noopener\"> Gestaltung von Regelwerk und Community-Kultur<\/a> mitwirkte.<\/p>\n\n\n\n<p class=\"has-text-align-center\">Ich hatte schon immer ein ausgepr\u00e4gtes Talent f\u00fcr das Aufsp\u00fcren von komplexen technischen Sachverhalten und Problemen, die oft unl\u00f6sbar schienen &#8211; mit Netzmechaniker biete ich dies gezielt als Dienstleistung im Web-Bereich an.<\/p>\n\n\n\n<p class=\"has-text-align-center\">Mein zweites gro\u00dfes Standbein sind <a href=\"https:\/\/pekka.net\">Design und Marketing<\/a>: Branding, digitaler Content, Storytelling und Kommunikationskonzepte.<\/p>\n\n\n\n<div style=\"height:2em\" aria-hidden=\"true\" class=\"wp-block-spacer\"><\/div>\n\n\n\n<h2 class=\"wp-block-heading has-text-align-center is-style-hero\">Standort<\/h2>\n\n\n\n<p class=\"has-text-align-center\">Ich lebe und arbeite auf den kanarischen Inseln, im l\u00e4ndlichen Norden Lanzarotes.<\/p>\n\n\n\n<p class=\"has-text-align-center\">Mein Kundenstamm sitzt haupts\u00e4chlich in Deutschland, in der Schweiz und in Gro\u00dfbritannien, wo ich regelm\u00e4\u00dfig auch vor Ort bin.<\/p>\n\n\n\n<p class=\"has-text-align-center\">F\u00fcr die zuverl\u00e4ssige Internet-Anbindung verf\u00fcge ich \u00fcber vier Kan\u00e4le: <br>eine <strong>Wimax-Verbindung<\/strong> (eine Art Langstrecken-WLAN) bei Wifi Canarias; eine <strong>5G-Verbindung<\/strong> bei Orange; eine <strong>Satellitenverbindung<\/strong> \u00fcber Hispasat und eine weitere \u00fcber <strong>Starlink<\/strong>.<\/p>\n\n\n\n<p class=\"has-text-align-center\">Dies erm\u00f6glicht einen zuverl\u00e4ssigen Service und das Verwalten gro\u00dfer Datenmengen.<\/p>\n\n\n\n<div style=\"height:2em\" aria-hidden=\"true\" class=\"wp-block-spacer\"><\/div>\n\n\n\n<h2 class=\"wp-block-heading has-text-align-center is-style-hero\">Sicherheit<\/h2>\n\n\n\n<p class=\"has-text-align-center\">Meine Arbeitsger\u00e4te haben verschl\u00fcsselte Festplatten und sind durch einen Fingerabdruckscanner gesch\u00fctzt. Sicherheitskopien und andere Daten werden ebenfalls stets verschl\u00fcsselt gelagert.<\/p>\n\n\n\n<p><\/p>\n<\/div><\/div>\n\n\n\n<div style=\"height:2em\" aria-hidden=\"true\" class=\"wp-block-spacer uag-hide-desktop uag-hide-tab\"><\/div>\n\n\n\n<div class=\"wp-block-uagb-container uagb-block-8e5c8cf0 alignfull uagb-is-root-container\"><div class=\"uagb-container-inner-blocks-wrap\">\t<div id=\"downloads-block_a06410f6c415f3f3b7175393dd92a087\" class=\"wp-block-webhelfer-downloads downloads-block downloads-template-tag\">\n\n\t\t\t\t\t<div class=\"downloads-grid\">\n\t\t\t\t\t\t\t\t\t\t\t\t\t\t\t\t\t\t\t\t\t\t\t\t\t\t\t\t\t\t\t\t\t\t\t\t\t\t\n\t\t\t\t\t\t\n\t\t\t\t\t\t\t\t\t\t\t\t\t<!-- Tag Template -->\n\t\t\t\t\t\t\t\t\t\t\t\t\t\t\t<a href=\"\/netzmechaniker\/vcard-generator\"\n\t\t\t\t\t\t\t\t   class=\"download-item download-tag plausible-event-name=Download-Kontaktdaten-%2Fwp-json%2Fwp%2Fv2%2Fpages%2F19\"\n\t\t\t\t\t\t\t\t   target=\"_blank\" rel=\"noopener noreferrer\">\n\t\t\t\t\t\t\t\t\t\t\t\t\t\t\t\t\t\t\t<span class=\"download-icon\">\n\t\t\t\t\t\t\t\t\t\t\t<img decoding=\"async\" src=\"https:\/\/pekka.net\/netzmechaniker\/wp-content\/uploads\/sites\/3\/2025\/09\/person-vcard-fill.png\" alt=\"Kontaktdaten\">\n\t\t\t\t\t\t\t\t\t\t<\/span>\n\t\t\t\t\t\t\t\t\t\t\t\t\t\t\t\t\t\t<span class=\"download-title\">Kontaktdaten<\/span>\n\t\t\t\t\t\t\t\t<\/a>\n\t\t\t\t\t\t\t\t\t\t\t\t\t\t\t\t\t\t\t\t\t\t\t\t\t\t\t\t\t\t\t\t\t\t\t\t\t\t\n\t\t\t\t\t\t\n\t\t\t\t\t\t\t\t\t\t\t\t\t<!-- Tag Template -->\n\t\t\t\t\t\t\t\t\t\t\t\t\t\t\t<a href=\"https:\/\/pekka.net\/netzmechaniker\/wp-content\/uploads\/sites\/3\/2025\/10\/P01-Netzmechaniker-Flyer.pdf\"\n\t\t\t\t\t\t\t\t   class=\"download-item download-tag plausible-event-name=Download-Mini-Brosch%C3%BCre-%2Fwp-json%2Fwp%2Fv2%2Fpages%2F19\"\n\t\t\t\t\t\t\t\t   download>\n\t\t\t\t\t\t\t\t\t\t\t\t\t\t\t\t\t\t\t<span class=\"download-icon\">\n\t\t\t\t\t\t\t\t\t\t\t<img decoding=\"async\" src=\"https:\/\/pekka.net\/netzmechaniker\/wp-content\/uploads\/sites\/3\/2025\/09\/pdf-02.png\" alt=\"Mini-Brosch\u00fcre\">\n\t\t\t\t\t\t\t\t\t\t<\/span>\n\t\t\t\t\t\t\t\t\t\t\t\t\t\t\t\t\t\t<span class=\"download-title\">Mini-Brosch\u00fcre<\/span>\n\t\t\t\t\t\t\t\t<\/a>\n\t\t\t\t\t\t\t\t\t\t\t\t\t\t\t\t\t\t\t\t\t\t\t\t\t\t\t\t\t\t\t\t\t\t\t\t\t\t\t<\/div>\n\t\t\n\t<\/div>\n\t<\/div><\/div>\n","protected":false},"excerpt":{"rendered":"<p>Ihr Dienstleister:Pekka Gaiser Ich arbeite seit 2001 als Web-Entwickler und -Administrator. Angestellt war ich bei der IT-Consultingfirma KAI in London; als &#8222;fester freier&#8220; arbeitete ich viele Jahre f\u00fcr diverse Werbeagenturen und Medienh\u00e4user im s\u00fcddeutschen Raum und bei NetCologne als Programmierer am K\u00f6lner Stadtportal koeln.de. Die umfangreiche digitale und Marketing-Pr\u00e4senz eines Bio-Lebensmittelherstellers betreute ich mehr als [&hellip;]<\/p>\n","protected":false},"author":1,"featured_media":0,"parent":0,"menu_order":0,"comment_status":"closed","ping_status":"closed","template":"","meta":{"_acf_changed":false,"_uag_custom_page_level_css":"","footnotes":""},"class_list":["post-19","page","type-page","status-publish","hentry"],"acf":[],"yoast_head":"<!-- This site is optimized with the Yoast SEO plugin v26.8 - https:\/\/yoast.com\/product\/yoast-seo-wordpress\/ -->\n<title>\u00dcber mich - Netzmechaniker<\/title>\n<meta name=\"robots\" content=\"index, follow, max-snippet:-1, max-image-preview:large, max-video-preview:-1\" \/>\n<link rel=\"canonical\" href=\"https:\/\/pekka.net\/netzmechaniker\/ueber-mich\/\" \/>\n<meta property=\"og:locale\" content=\"de_DE\" \/>\n<meta property=\"og:type\" content=\"article\" \/>\n<meta property=\"og:title\" content=\"\u00dcber mich - Netzmechaniker\" \/>\n<meta property=\"og:description\" content=\"Ihr Dienstleister:Pekka Gaiser Ich arbeite seit 2001 als Web-Entwickler und -Administrator. Angestellt war ich bei der IT-Consultingfirma KAI in London; als &#8222;fester freier&#8220; arbeitete ich viele Jahre f\u00fcr diverse Werbeagenturen und Medienh\u00e4user im s\u00fcddeutschen Raum und bei NetCologne als Programmierer am K\u00f6lner Stadtportal koeln.de. Die umfangreiche digitale und Marketing-Pr\u00e4senz eines Bio-Lebensmittelherstellers betreute ich mehr als [&hellip;]\" \/>\n<meta property=\"og:url\" content=\"https:\/\/pekka.net\/netzmechaniker\/ueber-mich\/\" \/>\n<meta property=\"og:site_name\" content=\"Netzmechaniker\" \/>\n<meta property=\"article:modified_time\" content=\"2025-11-06T11:12:03+00:00\" \/>\n<meta property=\"og:image\" content=\"https:\/\/pekka.net\/netzmechaniker\/wp-content\/uploads\/sites\/3\/2025\/09\/pekka-portrait.orig_.jpg\" \/>\n\t<meta property=\"og:image:width\" content=\"651\" \/>\n\t<meta property=\"og:image:height\" content=\"689\" \/>\n\t<meta property=\"og:image:type\" content=\"image\/jpeg\" \/>\n<meta name=\"twitter:card\" content=\"summary_large_image\" \/>\n<meta name=\"twitter:site\" content=\"@Pekka_net\" \/>\n<meta name=\"twitter:label1\" content=\"Est. reading time\" \/>\n\t<meta name=\"twitter:data1\" content=\"4\u00a0Minuten\" \/>\n<script type=\"application\/ld+json\" class=\"yoast-schema-graph\">{\"@context\":\"https:\/\/schema.org\",\"@graph\":[{\"@type\":\"WebPage\",\"@id\":\"https:\/\/pekka.net\/netzmechaniker\/ueber-mich\/\",\"url\":\"https:\/\/pekka.net\/netzmechaniker\/ueber-mich\/\",\"name\":\"\u00dcber mich - Netzmechaniker\",\"isPartOf\":{\"@id\":\"https:\/\/pekka.net\/netzmechaniker\/#website\"},\"primaryImageOfPage\":{\"@id\":\"https:\/\/pekka.net\/netzmechaniker\/ueber-mich\/#primaryimage\"},\"image\":{\"@id\":\"https:\/\/pekka.net\/netzmechaniker\/ueber-mich\/#primaryimage\"},\"thumbnailUrl\":\"https:\/\/pekka.net\/netzmechaniker\/wp-content\/uploads\/2025\/09\/pekka-portrait.orig_.jpg\",\"datePublished\":\"2025-09-08T10:26:34+00:00\",\"dateModified\":\"2025-11-06T11:12:03+00:00\",\"breadcrumb\":{\"@id\":\"https:\/\/pekka.net\/netzmechaniker\/ueber-mich\/#breadcrumb\"},\"inLanguage\":\"de\",\"potentialAction\":[{\"@type\":\"ReadAction\",\"target\":[\"https:\/\/pekka.net\/netzmechaniker\/ueber-mich\/\"]}]},{\"@type\":\"ImageObject\",\"inLanguage\":\"de\",\"@id\":\"https:\/\/pekka.net\/netzmechaniker\/ueber-mich\/#primaryimage\",\"url\":\"https:\/\/pekka.net\/netzmechaniker\/wp-content\/uploads\/sites\/3\/2025\/09\/pekka-portrait.orig_.jpg\",\"contentUrl\":\"https:\/\/pekka.net\/netzmechaniker\/wp-content\/uploads\/sites\/3\/2025\/09\/pekka-portrait.orig_.jpg\",\"width\":651,\"height\":689},{\"@type\":\"BreadcrumbList\",\"@id\":\"https:\/\/pekka.net\/netzmechaniker\/ueber-mich\/#breadcrumb\",\"itemListElement\":[{\"@type\":\"ListItem\",\"position\":1,\"name\":\"Home\",\"item\":\"https:\/\/pekka.net\/netzmechaniker\/\"},{\"@type\":\"ListItem\",\"position\":2,\"name\":\"\u00dcber mich\"}]},{\"@type\":\"WebSite\",\"@id\":\"https:\/\/pekka.net\/netzmechaniker\/#website\",\"url\":\"https:\/\/pekka.net\/netzmechaniker\/\",\"name\":\"Netzmechaniker - Pekka Gaiser\",\"description\":\"Professionelle Hilfe bei Web-Problemen\",\"publisher\":{\"@id\":\"https:\/\/pekka.net\/netzmechaniker\/#organization\"},\"alternateName\":\"Netzmechaniker\",\"potentialAction\":[{\"@type\":\"SearchAction\",\"target\":{\"@type\":\"EntryPoint\",\"urlTemplate\":\"https:\/\/pekka.net\/netzmechaniker\/?s={search_term_string}\"},\"query-input\":{\"@type\":\"PropertyValueSpecification\",\"valueRequired\":true,\"valueName\":\"search_term_string\"}}],\"inLanguage\":\"de\"},{\"@type\":\"Organization\",\"@id\":\"https:\/\/pekka.net\/netzmechaniker\/#organization\",\"name\":\"Netzmechaniker\",\"url\":\"https:\/\/pekka.net\/netzmechaniker\/\",\"logo\":{\"@type\":\"ImageObject\",\"inLanguage\":\"de\",\"@id\":\"https:\/\/pekka.net\/netzmechaniker\/#\/schema\/logo\/image\/\",\"url\":\"https:\/\/pekka.net\/netzmechaniker\/wp-content\/uploads\/sites\/3\/2025\/09\/pekka-portrait.orig_-2.jpg\",\"contentUrl\":\"https:\/\/pekka.net\/netzmechaniker\/wp-content\/uploads\/sites\/3\/2025\/09\/pekka-portrait.orig_-2.jpg\",\"width\":651,\"height\":689,\"caption\":\"Netzmechaniker\"},\"image\":{\"@id\":\"https:\/\/pekka.net\/netzmechaniker\/#\/schema\/logo\/image\/\"},\"sameAs\":[\"https:\/\/x.com\/Pekka_net\",\"https:\/\/www.linkedin.com\/in\/pekkagaiser\/\"]}]}<\/script>\n<!-- \/ Yoast SEO plugin. -->","yoast_head_json":{"title":"\u00dcber mich - Netzmechaniker","robots":{"index":"index","follow":"follow","max-snippet":"max-snippet:-1","max-image-preview":"max-image-preview:large","max-video-preview":"max-video-preview:-1"},"canonical":"https:\/\/pekka.net\/netzmechaniker\/ueber-mich\/","og_locale":"de_DE","og_type":"article","og_title":"\u00dcber mich - Netzmechaniker","og_description":"Ihr Dienstleister:Pekka Gaiser Ich arbeite seit 2001 als Web-Entwickler und -Administrator. Angestellt war ich bei der IT-Consultingfirma KAI in London; als &#8222;fester freier&#8220; arbeitete ich viele Jahre f\u00fcr diverse Werbeagenturen und Medienh\u00e4user im s\u00fcddeutschen Raum und bei NetCologne als Programmierer am K\u00f6lner Stadtportal koeln.de. Die umfangreiche digitale und Marketing-Pr\u00e4senz eines Bio-Lebensmittelherstellers betreute ich mehr als [&hellip;]","og_url":"https:\/\/pekka.net\/netzmechaniker\/ueber-mich\/","og_site_name":"Netzmechaniker","article_modified_time":"2025-11-06T11:12:03+00:00","og_image":[{"width":651,"height":689,"url":"https:\/\/pekka.net\/netzmechaniker\/wp-content\/uploads\/sites\/3\/2025\/09\/pekka-portrait.orig_.jpg","type":"image\/jpeg"}],"twitter_card":"summary_large_image","twitter_site":"@Pekka_net","twitter_misc":{"Est. reading time":"4\u00a0Minuten"},"schema":{"@context":"https:\/\/schema.org","@graph":[{"@type":"WebPage","@id":"https:\/\/pekka.net\/netzmechaniker\/ueber-mich\/","url":"https:\/\/pekka.net\/netzmechaniker\/ueber-mich\/","name":"\u00dcber mich - Netzmechaniker","isPartOf":{"@id":"https:\/\/pekka.net\/netzmechaniker\/#website"},"primaryImageOfPage":{"@id":"https:\/\/pekka.net\/netzmechaniker\/ueber-mich\/#primaryimage"},"image":{"@id":"https:\/\/pekka.net\/netzmechaniker\/ueber-mich\/#primaryimage"},"thumbnailUrl":"https:\/\/pekka.net\/netzmechaniker\/wp-content\/uploads\/2025\/09\/pekka-portrait.orig_.jpg","datePublished":"2025-09-08T10:26:34+00:00","dateModified":"2025-11-06T11:12:03+00:00","breadcrumb":{"@id":"https:\/\/pekka.net\/netzmechaniker\/ueber-mich\/#breadcrumb"},"inLanguage":"de","potentialAction":[{"@type":"ReadAction","target":["https:\/\/pekka.net\/netzmechaniker\/ueber-mich\/"]}]},{"@type":"ImageObject","inLanguage":"de","@id":"https:\/\/pekka.net\/netzmechaniker\/ueber-mich\/#primaryimage","url":"https:\/\/pekka.net\/netzmechaniker\/wp-content\/uploads\/sites\/3\/2025\/09\/pekka-portrait.orig_.jpg","contentUrl":"https:\/\/pekka.net\/netzmechaniker\/wp-content\/uploads\/sites\/3\/2025\/09\/pekka-portrait.orig_.jpg","width":651,"height":689},{"@type":"BreadcrumbList","@id":"https:\/\/pekka.net\/netzmechaniker\/ueber-mich\/#breadcrumb","itemListElement":[{"@type":"ListItem","position":1,"name":"Home","item":"https:\/\/pekka.net\/netzmechaniker\/"},{"@type":"ListItem","position":2,"name":"\u00dcber mich"}]},{"@type":"WebSite","@id":"https:\/\/pekka.net\/netzmechaniker\/#website","url":"https:\/\/pekka.net\/netzmechaniker\/","name":"Netzmechaniker - Pekka Gaiser","description":"Professionelle Hilfe bei Web-Problemen","publisher":{"@id":"https:\/\/pekka.net\/netzmechaniker\/#organization"},"alternateName":"Netzmechaniker","potentialAction":[{"@type":"SearchAction","target":{"@type":"EntryPoint","urlTemplate":"https:\/\/pekka.net\/netzmechaniker\/?s={search_term_string}"},"query-input":{"@type":"PropertyValueSpecification","valueRequired":true,"valueName":"search_term_string"}}],"inLanguage":"de"},{"@type":"Organization","@id":"https:\/\/pekka.net\/netzmechaniker\/#organization","name":"Netzmechaniker","url":"https:\/\/pekka.net\/netzmechaniker\/","logo":{"@type":"ImageObject","inLanguage":"de","@id":"https:\/\/pekka.net\/netzmechaniker\/#\/schema\/logo\/image\/","url":"https:\/\/pekka.net\/netzmechaniker\/wp-content\/uploads\/sites\/3\/2025\/09\/pekka-portrait.orig_-2.jpg","contentUrl":"https:\/\/pekka.net\/netzmechaniker\/wp-content\/uploads\/sites\/3\/2025\/09\/pekka-portrait.orig_-2.jpg","width":651,"height":689,"caption":"Netzmechaniker"},"image":{"@id":"https:\/\/pekka.net\/netzmechaniker\/#\/schema\/logo\/image\/"},"sameAs":["https:\/\/x.com\/Pekka_net","https:\/\/www.linkedin.com\/in\/pekkagaiser\/"]}]}},"uagb_featured_image_src":{"full":false,"thumbnail":false,"medium":false,"medium_large":false,"large":false,"1536x1536":false,"2048x2048":false},"uagb_author_info":{"display_name":"admin","author_link":"https:\/\/pekka.net\/netzmechaniker\/author\/admin\/"},"uagb_comment_info":0,"uagb_excerpt":"Ihr Dienstleister:Pekka Gaiser Ich arbeite seit 2001 als Web-Entwickler und -Administrator. Angestellt war ich bei der IT-Consultingfirma KAI in London; als &#8222;fester freier&#8220; arbeitete ich viele Jahre f\u00fcr diverse Werbeagenturen und Medienh\u00e4user im s\u00fcddeutschen Raum und bei NetCologne als Programmierer am K\u00f6lner Stadtportal koeln.de. Die umfangreiche digitale und Marketing-Pr\u00e4senz eines Bio-Lebensmittelherstellers betreute ich mehr als&hellip;","_links":{"self":[{"href":"https:\/\/pekka.net\/netzmechaniker\/wp-json\/wp\/v2\/pages\/19","targetHints":{"allow":["GET"]}}],"collection":[{"href":"https:\/\/pekka.net\/netzmechaniker\/wp-json\/wp\/v2\/pages"}],"about":[{"href":"https:\/\/pekka.net\/netzmechaniker\/wp-json\/wp\/v2\/types\/page"}],"author":[{"embeddable":true,"href":"https:\/\/pekka.net\/netzmechaniker\/wp-json\/wp\/v2\/users\/1"}],"replies":[{"embeddable":true,"href":"https:\/\/pekka.net\/netzmechaniker\/wp-json\/wp\/v2\/comments?post=19"}],"version-history":[{"count":75,"href":"https:\/\/pekka.net\/netzmechaniker\/wp-json\/wp\/v2\/pages\/19\/revisions"}],"predecessor-version":[{"id":1388,"href":"https:\/\/pekka.net\/netzmechaniker\/wp-json\/wp\/v2\/pages\/19\/revisions\/1388"}],"wp:attachment":[{"href":"https:\/\/pekka.net\/netzmechaniker\/wp-json\/wp\/v2\/media?parent=19"}],"curies":[{"name":"wp","href":"https:\/\/api.w.org\/{rel}","templated":true}]}}